{"id":1844,"date":"2022-01-25T10:55:41","date_gmt":"2022-01-25T10:55:41","guid":{"rendered":"https:\/\/illustris-theaterverlag.de\/?page_id=1844"},"modified":"2025-08-06T07:04:33","modified_gmt":"2025-08-06T07:04:33","slug":"kontakt","status":"publish","type":"page","link":"https:\/\/illustris-theaterverlag.de\/?page_id=1844","title":{"rendered":"Kontakt"},"content":{"rendered":"<p>[et_pb_section fb_built=&#8221;1&#8243; _builder_version=&#8221;4.16&#8243; _module_preset=&#8221;default&#8221; custom_padding=&#8221;17px||18px|||&#8221; global_colors_info=&#8221;{}&#8221;][et_pb_row _builder_version=&#8221;4.16&#8243; _module_preset=&#8221;default&#8221; background_color=&#8221;gcid-68df8ec7-a518-46a5-a709-c107d8819346&#8243; use_background_color_gradient=&#8221;on&#8221; background_color_gradient_direction=&#8221;90deg&#8221; background_color_gradient_stops=&#8221;gcid-68df8ec7-a518-46a5-a709-c107d8819346 20%|gcid-5f232b18-845d-433f-a6e3-f3c2980037a0 100%&#8221; background_color_gradient_start=&#8221;gcid-68df8ec7-a518-46a5-a709-c107d8819346&#8243; background_color_gradient_start_position=&#8221;20%&#8221; background_color_gradient_end=&#8221;gcid-5f232b18-845d-433f-a6e3-f3c2980037a0&#8243; animation_style=&#8221;flip&#8221; global_colors_info=&#8221;{%22gcid-68df8ec7-a518-46a5-a709-c107d8819346%22:%91%22background_color%22,%22colorStart%22%93,%22gcid-5f232b18-845d-433f-a6e3-f3c2980037a0%22:%91%22colorEnd%22%93}&#8221;][et_pb_column type=&#8221;4_4&#8243; _builder_version=&#8221;4.16&#8243; _module_preset=&#8221;default&#8221; global_colors_info=&#8221;{}&#8221;][et_pb_text _builder_version=&#8221;4.16&#8243; _module_preset=&#8221;default&#8221; text_text_color=&#8221;#FFFFFF&#8221; header_2_text_color=&#8221;#FFFFFF&#8221; custom_padding=&#8221;20px|30px|20px|30px|true|true&#8221; global_colors_info=&#8221;{%22gcid-68df8ec7-a518-46a5-a709-c107d8819346%22:%91%22header_text_color%22,%22header_text_color%22%93}&#8221;]<\/p>\n<p>Sie suchen St\u00fccke? Sie haben St\u00fccke? Sie suchen Theater? Sie machen Theater? Melden Sie sich gerne \u00fcber das Kontaktformular.<\/p>\n<p>[\/et_pb_text][\/et_pb_column][\/et_pb_row][\/et_pb_section][et_pb_section fb_built=&#8221;1&#8243; _builder_version=&#8221;4.16&#8243; background_color=&#8221;gcid-3a6dacb1-14d5-48f9-b503-2e686bdf61e1&#8243; custom_padding=&#8221;0|0px|28px|0px|false|false&#8221; global_colors_info=&#8221;{%22gcid-3a6dacb1-14d5-48f9-b503-2e686bdf61e1%22:%91%22background_color%22%93}&#8221;][et_pb_row column_structure=&#8221;3_5,2_5&#8243; make_equal=&#8221;on&#8221; _builder_version=&#8221;4.16&#8243; module_alignment=&#8221;center&#8221; global_colors_info=&#8221;{}&#8221;][et_pb_column type=&#8221;3_5&#8243; _builder_version=&#8221;4.16&#8243; background_color=&#8221;#ffffff&#8221; transform_scale_last_edited=&#8221;off|desktop&#8221; transform_translate_last_edited=&#8221;off|desktop&#8221; transform_rotate_last_edited=&#8221;off|desktop&#8221; transform_skew_last_edited=&#8221;off|desktop&#8221; transform_origin_last_edited=&#8221;off|desktop&#8221; transform_styles_last_edited=&#8221;off|desktop&#8221; custom_padding=&#8221;|||&#8221; animation_style=&#8221;fade&#8221; animation_delay=&#8221;50ms&#8221; global_colors_info=&#8221;{}&#8221; custom_padding__hover=&#8221;|||&#8221; transform_styles__hover_enabled=&#8221;on|hover&#8221; transform_scale__hover_enabled=&#8221;on|hover&#8221; transform_translate__hover_enabled=&#8221;on|desktop&#8221; transform_rotate__hover_enabled=&#8221;on|desktop&#8221; transform_skew__hover_enabled=&#8221;on|desktop&#8221; transform_origin__hover_enabled=&#8221;on|desktop&#8221; transform_scale__hover=&#8221;100%|100%&#8221;][et_pb_text _builder_version=&#8221;4.16&#8243; _module_preset=&#8221;default&#8221; custom_margin=&#8221;||0px||false|false&#8221; custom_padding=&#8221;40px|40px|10px|40px|false|true&#8221; global_colors_info=&#8221;{}&#8221;]<\/p>\n<h2>Fragen Sie uns!<\/h2>\n<p>Wir helfen Ihnen gerne schnell weiter. Nutzen Sie unser Kontaktformular. Wir melden uns schnellstm\u00f6glich zur\u00fcck.<\/p>\n<p>[\/et_pb_text][et_pb_contact_form captcha=&#8221;off&#8221; email=&#8221;info@illustris-theaerverlag.eu&#8221; custom_message=&#8221;Es gibt eine neue Anfrage. Die folgenden Informationen wurden verschickt:||et_pb_line_break_holder||||et_pb_line_break_holder||Anrede: %%Anrede%%||et_pb_line_break_holder||Vorname: %%Vorname%%||et_pb_line_break_holder||Nachname: %%Nachname%%||et_pb_line_break_holder||E-Mail: %%E-Mail%%||et_pb_line_break_holder||Telefon:%%Telefon%%||et_pb_line_break_holder||Anliegen: %%Anliegen%%||et_pb_line_break_holder||Datenschutz: best\u00e4tigt&#8221; _builder_version=&#8221;4.20.4&#8243; _module_preset=&#8221;default&#8221; _unique_id=&#8221;299899bf-4b9b-455d-ada2-11c701ef05c7&#8243; form_field_background_color=&#8221;#FFFFFF&#8221; form_field_text_color=&#8221;#000000&#8243; custom_button=&#8221;on&#8221; button_text_color=&#8221;#FFFFFF&#8221; button_bg_color=&#8221;#FFCF58&#8243; button_border_width=&#8221;0px&#8221; button_border_radius=&#8221;5px&#8221; custom_padding=&#8221;|20px|20px|20px|false|true&#8221; admin_email_subject=&#8221;Neue Anfrage \u00fcber die Webseite&#8221; use_confirmation_email=&#8221;on&#8221; confirmation_email_subject=&#8221;Ihre Anfrage an  Illustris-Theaterverlag&#8221; confirmation_email_message=&#8221;Sehr geehrte\/r %%anrede%% %%Vorname%% %%Nachname%%,<\/p>\n<p>vielen Dank f\u00fcr Ihre Anfrage. Folgende Daten wurden \u00fcbermittelt:<\/p>\n<p>Anrede: %%Anrede%%<br \/>\nVorname: %%Vorname%%<br \/>\nNachname: %%Nachname%%<br \/>\nE-Mail: %%E-Mail%%<br \/>\nTelefon:%%Telefon%%<br \/>\nAnliegen: %%Anliegen%%<br \/>\nDatenschutz: best\u00e4tigt<\/p>\n<p>Wir werden uns zeitnah bei Ihnen zur\u00fcckmelden.<\/p>\n<p>Beste Gr\u00fc\u00dfe<\/p>\n<p>Impressum<br \/>\nAngaben gem\u00e4\u00df \u00a7 5 DDG<\/p>\n<p>Illustris Theater &#038; Verlag<br \/>\nTorsten Schulz<br \/>\nEilenburger Str. 37<br \/>\n04317 Leipzig<br \/>\nKontakt<\/p>\n<p>Telefon: 0160 47 72 274<br \/>\nFax:<br \/>\nE-Mail: info@illustris-theaerverlag.eu<br \/>\n&#8221; border_radii=&#8221;on|4px|4px|4px|4px&#8221; border_width_all=&#8221;1px&#8221; border_color_all=&#8221;#8F8D8D&#8221; global_colors_info=&#8221;{}&#8221;][et_pb_contact_field field_id=&#8221;Anrede&#8221; field_title=&#8221;Anrede&#8221; field_type=&#8221;radio&#8221; radio_options=&#8221;%91{%22value%22:%22Frau%22,%22checked%22:0,%22dragID%22:-1},{%22value%22:%22Herr%22,%22checked%22:0,%22dragID%22:0}%93&#8243; fullwidth_field=&#8221;on&#8221; _builder_version=&#8221;4.19.4&#8243; _module_preset=&#8221;default&#8221; global_colors_info=&#8221;{}&#8221;][\/et_pb_contact_field][et_pb_contact_field field_id=&#8221;Vorname&#8221; field_title=&#8221;Vorname&#8221; _builder_version=&#8221;4.18.0&#8243; global_colors_info=&#8221;{}&#8221; button_text_size__hover_enabled=&#8221;off&#8221; button_one_text_size__hover_enabled=&#8221;off&#8221; button_two_text_size__hover_enabled=&#8221;off&#8221; button_text_color__hover_enabled=&#8221;off&#8221; button_one_text_color__hover_enabled=&#8221;off&#8221; button_two_text_color__hover_enabled=&#8221;off&#8221; button_border_width__hover_enabled=&#8221;off&#8221; button_one_border_width__hover_enabled=&#8221;off&#8221; button_two_border_width__hover_enabled=&#8221;off&#8221; button_border_color__hover_enabled=&#8221;off&#8221; button_one_border_color__hover_enabled=&#8221;off&#8221; button_two_border_color__hover_enabled=&#8221;off&#8221; button_border_radius__hover_enabled=&#8221;off&#8221; button_one_border_radius__hover_enabled=&#8221;off&#8221; button_two_border_radius__hover_enabled=&#8221;off&#8221; button_letter_spacing__hover_enabled=&#8221;off&#8221; button_one_letter_spacing__hover_enabled=&#8221;off&#8221; button_two_letter_spacing__hover_enabled=&#8221;off&#8221; button_bg_color__hover_enabled=&#8221;off&#8221; button_one_bg_color__hover_enabled=&#8221;off&#8221; button_two_bg_color__hover_enabled=&#8221;off&#8221;][\/et_pb_contact_field][et_pb_contact_field field_id=&#8221;Nachname&#8221; field_title=&#8221;Nachname&#8221; _builder_version=&#8221;4.18.0&#8243; global_colors_info=&#8221;{}&#8221; button_text_size__hover_enabled=&#8221;off&#8221; button_one_text_size__hover_enabled=&#8221;off&#8221; button_two_text_size__hover_enabled=&#8221;off&#8221; button_text_color__hover_enabled=&#8221;off&#8221; button_one_text_color__hover_enabled=&#8221;off&#8221; button_two_text_color__hover_enabled=&#8221;off&#8221; button_border_width__hover_enabled=&#8221;off&#8221; button_one_border_width__hover_enabled=&#8221;off&#8221; button_two_border_width__hover_enabled=&#8221;off&#8221; button_border_color__hover_enabled=&#8221;off&#8221; button_one_border_color__hover_enabled=&#8221;off&#8221; button_two_border_color__hover_enabled=&#8221;off&#8221; button_border_radius__hover_enabled=&#8221;off&#8221; button_one_border_radius__hover_enabled=&#8221;off&#8221; button_two_border_radius__hover_enabled=&#8221;off&#8221; button_letter_spacing__hover_enabled=&#8221;off&#8221; button_one_letter_spacing__hover_enabled=&#8221;off&#8221; button_two_letter_spacing__hover_enabled=&#8221;off&#8221; button_bg_color__hover_enabled=&#8221;off&#8221; button_one_bg_color__hover_enabled=&#8221;off&#8221; button_two_bg_color__hover_enabled=&#8221;off&#8221;][\/et_pb_contact_field][et_pb_contact_field field_id=&#8221;E-Mail&#8221; field_title=&#8221;E-Mail Adresse&#8221; field_type=&#8221;email&#8221; fullwidth_field=&#8221;on&#8221; _builder_version=&#8221;4.19.4&#8243; global_colors_info=&#8221;{}&#8221; button_text_size__hover_enabled=&#8221;off&#8221; button_one_text_size__hover_enabled=&#8221;off&#8221; button_two_text_size__hover_enabled=&#8221;off&#8221; button_text_color__hover_enabled=&#8221;off&#8221; button_one_text_color__hover_enabled=&#8221;off&#8221; button_two_text_color__hover_enabled=&#8221;off&#8221; button_border_width__hover_enabled=&#8221;off&#8221; button_one_border_width__hover_enabled=&#8221;off&#8221; button_two_border_width__hover_enabled=&#8221;off&#8221; button_border_color__hover_enabled=&#8221;off&#8221; button_one_border_color__hover_enabled=&#8221;off&#8221; button_two_border_color__hover_enabled=&#8221;off&#8221; button_border_radius__hover_enabled=&#8221;off&#8221; button_one_border_radius__hover_enabled=&#8221;off&#8221; button_two_border_radius__hover_enabled=&#8221;off&#8221; button_letter_spacing__hover_enabled=&#8221;off&#8221; button_one_letter_spacing__hover_enabled=&#8221;off&#8221; button_two_letter_spacing__hover_enabled=&#8221;off&#8221; button_bg_color__hover_enabled=&#8221;off&#8221; button_one_bg_color__hover_enabled=&#8221;off&#8221; button_two_bg_color__hover_enabled=&#8221;off&#8221;][\/et_pb_contact_field][et_pb_contact_field field_id=&#8221;Telefon&#8221; field_title=&#8221;Telefon&#8221; fullwidth_field=&#8221;on&#8221; _builder_version=&#8221;4.18.0&#8243; _module_preset=&#8221;default&#8221; global_colors_info=&#8221;{}&#8221;][\/et_pb_contact_field][et_pb_contact_field field_id=&#8221;Anliegen&#8221; field_title=&#8221;Ihr Anliegen&#8221; field_type=&#8221;text&#8221; fullwidth_field=&#8221;on&#8221; _builder_version=&#8221;4.18.0&#8243; global_colors_info=&#8221;{}&#8221; button_text_size__hover_enabled=&#8221;off&#8221; button_one_text_size__hover_enabled=&#8221;off&#8221; button_two_text_size__hover_enabled=&#8221;off&#8221; button_text_color__hover_enabled=&#8221;off&#8221; button_one_text_color__hover_enabled=&#8221;off&#8221; button_two_text_color__hover_enabled=&#8221;off&#8221; button_border_width__hover_enabled=&#8221;off&#8221; button_one_border_width__hover_enabled=&#8221;off&#8221; button_two_border_width__hover_enabled=&#8221;off&#8221; button_border_color__hover_enabled=&#8221;off&#8221; button_one_border_color__hover_enabled=&#8221;off&#8221; button_two_border_color__hover_enabled=&#8221;off&#8221; button_border_radius__hover_enabled=&#8221;off&#8221; button_one_border_radius__hover_enabled=&#8221;off&#8221; button_two_border_radius__hover_enabled=&#8221;off&#8221; button_letter_spacing__hover_enabled=&#8221;off&#8221; button_one_letter_spacing__hover_enabled=&#8221;off&#8221; button_two_letter_spacing__hover_enabled=&#8221;off&#8221; button_bg_color__hover_enabled=&#8221;off&#8221; button_one_bg_color__hover_enabled=&#8221;off&#8221; button_two_bg_color__hover_enabled=&#8221;off&#8221;][\/et_pb_contact_field][et_pb_contact_field field_id=&#8221;Datenschutz&#8221; field_title=&#8221;Datenschutz&#8221; field_type=&#8221;checkbox&#8221; checkbox_options=&#8221;%91{%22value%22:%22Ich bin damit einverstanden, dass meine Angaben gespeichert werden und ich im Rahmen der Anfrage kontaktiert werde.%22,%22checked%22:0,%22dragID%22:-1,%22link_url%22:%22https:\/\/illustris-theaterverlag.de\/datenschutz%22,%22link_text%22:%22Datenschutz%22}%93&#8243; fullwidth_field=&#8221;on&#8221; _builder_version=&#8221;4.20.4&#8243; _module_preset=&#8221;default&#8221; global_colors_info=&#8221;{}&#8221;][\/et_pb_contact_field][\/et_pb_contact_form][\/et_pb_column][et_pb_column type=&#8221;2_5&#8243; _builder_version=&#8221;4.16&#8243; background_color=&#8221;#ffffff&#8221; transform_scale_last_edited=&#8221;off|desktop&#8221; transform_translate_last_edited=&#8221;off|desktop&#8221; transform_rotate_last_edited=&#8221;off|desktop&#8221; transform_skew_last_edited=&#8221;off|desktop&#8221; transform_origin_last_edited=&#8221;off|desktop&#8221; transform_styles_last_edited=&#8221;off|desktop&#8221; custom_padding=&#8221;|||&#8221; animation_style=&#8221;fade&#8221; animation_delay=&#8221;50ms&#8221; global_colors_info=&#8221;{}&#8221; custom_padding__hover=&#8221;|||&#8221; transform_styles__hover_enabled=&#8221;on|hover&#8221; transform_scale__hover_enabled=&#8221;on|hover&#8221; transform_translate__hover_enabled=&#8221;on|desktop&#8221; transform_rotate__hover_enabled=&#8221;on|desktop&#8221; transform_skew__hover_enabled=&#8221;on|desktop&#8221; transform_origin__hover_enabled=&#8221;on|desktop&#8221; transform_scale__hover=&#8221;100%|100%&#8221;][et_pb_blurb title=&#8221;Telefon&#8221; use_icon=&#8221;on&#8221; font_icon=&#8221;&#xe090;||divi||400&#8243; icon_placement=&#8221;left&#8221; _builder_version=&#8221;4.16&#8243; body_link_font=&#8221;||||||||&#8221; min_height_tablet=&#8221;80px&#8221; min_height_phone=&#8221;10px&#8221; min_height_last_edited=&#8221;on|phone&#8221; custom_padding=&#8221;40px||||false|false&#8221; global_colors_info=&#8221;{}&#8221;]<\/p>\n<a href=\"tel:+491604772274\">0160 47 72 274<\/a>\n<p>[\/et_pb_blurb][et_pb_blurb title=&#8221;Mail&#8221; use_icon=&#8221;on&#8221; font_icon=&#8221;&#xe010;||divi||400&#8243; icon_placement=&#8221;left&#8221; _builder_version=&#8221;4.16&#8243; body_link_font=&#8221;||||||||&#8221; min_height_tablet=&#8221;80px&#8221; min_height_phone=&#8221;10px&#8221; min_height_last_edited=&#8221;on|phone&#8221; global_colors_info=&#8221;{}&#8221;]<a href=\"mailto:info@illustris-theaerverlag.eu\">info@illustris-theaerverlag.eu<\/a>[\/et_pb_blurb][\/et_pb_column][\/et_pb_row][\/et_pb_section]<\/p>\n","protected":false},"excerpt":{"rendered":"<p>Sie suchen St\u00fccke? Sie haben St\u00fccke? Sie suchen Theater? Sie machen Theater? Melden Sie sich gerne \u00fcber das Kontaktformular.Fragen Sie uns! Wir helfen Ihnen gerne schnell weiter. Nutzen Sie unser Kontaktformular. Wir melden uns schnellstm\u00f6glich zur\u00fcck.<a href=\"tel:+491604772274\">0160 47 72 274<\/a><a href=\"mailto:info@illustris-theaerverlag.eu\">info@illustris-theaerverlag.eu<\/a><\/p>\n","protected":false},"author":1,"featured_media":0,"parent":0,"menu_order":0,"comment_status":"closed","ping_status":"closed","template":"","meta":{"_acf_changed":false,"_et_pb_use_builder":"on","_et_pb_old_content":"","_et_gb_content_width":"","footnotes":""},"difl_page_category":[],"class_list":["post-1844","page","type-page","status-publish","hentry"],"acf":[],"yoast_head":"<!-- This site is optimized with the Yoast SEO plugin v24.7 - https:\/\/yoast.com\/wordpress\/plugins\/seo\/ -->\n<title>Kontakt - Schulz Theater<\/title>\n<meta name=\"description\" content=\"Sie suchen St\u00fccke? Sie haben St\u00fccke? Sie suchen Theater? Sie machen Theater? Melden Sie sich gerne \u00fcber das Kontaktformular.Fragen Sie uns! Wir helfen Ihnen gerne schnell weiter. Nutzen Sie unser Kontaktformular. Wir melden uns schnellstm\u00f6glich zur\u00fcck.[acf field=&quot;telefon&quot; post_id=&quot;156&quot;][acf field=&quot;mail&quot; post_id=&quot;156&quot;]\" \/>\n<meta name=\"robots\" content=\"index, follow, max-snippet:-1, max-image-preview:large, max-video-preview:-1\" \/>\n<link rel=\"canonical\" href=\"https:\/\/illustris-theaterverlag.de\/?page_id=1844\" \/>\n<meta property=\"og:locale\" content=\"de_DE\" \/>\n<meta property=\"og:type\" content=\"article\" \/>\n<meta property=\"og:title\" content=\"Kontakt - Schulz Theater\" \/>\n<meta property=\"og:description\" content=\"Sie suchen St\u00fccke? Sie haben St\u00fccke? Sie suchen Theater? Sie machen Theater? Melden Sie sich gerne \u00fcber das Kontaktformular.Fragen Sie uns! Wir helfen Ihnen gerne schnell weiter. Nutzen Sie unser Kontaktformular. Wir melden uns schnellstm\u00f6glich zur\u00fcck.\" \/>\n<meta property=\"og:site_name\" content=\"Schulz Theater\" \/>\n<meta property=\"article:modified_time\" content=\"2025-08-06T07:04:33+00:00\" \/>\n<meta name=\"twitter:card\" content=\"summary_large_image\" \/>\n<meta name=\"twitter:label1\" content=\"Gesch\u00e4tzte Lesezeit\" \/>\n\t<meta name=\"twitter:data1\" content=\"8\u00a0Minuten\" \/>\n<script type=\"application\/ld+json\" class=\"yoast-schema-graph\">{\"@context\":\"https:\/\/schema.org\",\"@graph\":[{\"@type\":\"WebPage\",\"@id\":\"https:\/\/illustris-theaterverlag.de\/?page_id=1844\",\"url\":\"https:\/\/illustris-theaterverlag.de\/?page_id=1844\",\"name\":\"Kontakt - Schulz Theater\",\"isPartOf\":{\"@id\":\"https:\/\/illustris-theaterverlag.de\/#website\"},\"datePublished\":\"2022-01-25T10:55:41+00:00\",\"dateModified\":\"2025-08-06T07:04:33+00:00\",\"breadcrumb\":{\"@id\":\"https:\/\/illustris-theaterverlag.de\/?page_id=1844#breadcrumb\"},\"inLanguage\":\"de\",\"potentialAction\":[{\"@type\":\"ReadAction\",\"target\":[\"https:\/\/illustris-theaterverlag.de\/?page_id=1844\"]}]},{\"@type\":\"BreadcrumbList\",\"@id\":\"https:\/\/illustris-theaterverlag.de\/?page_id=1844#breadcrumb\",\"itemListElement\":[{\"@type\":\"ListItem\",\"position\":1,\"name\":\"Startseite\",\"item\":\"https:\/\/illustris-theaterverlag.de\/\"},{\"@type\":\"ListItem\",\"position\":2,\"name\":\"Kontakt\"}]},{\"@type\":\"WebSite\",\"@id\":\"https:\/\/illustris-theaterverlag.de\/#website\",\"url\":\"https:\/\/illustris-theaterverlag.de\/\",\"name\":\"Schulz Theater\",\"description\":\" Verkauf von Theaterst\u00fccken &amp; Theatertexten\",\"potentialAction\":[{\"@type\":\"SearchAction\",\"target\":{\"@type\":\"EntryPoint\",\"urlTemplate\":\"https:\/\/illustris-theaterverlag.de\/?s={search_term_string}\"},\"query-input\":{\"@type\":\"PropertyValueSpecification\",\"valueRequired\":true,\"valueName\":\"search_term_string\"}}],\"inLanguage\":\"de\"}]}<\/script>\n<!-- \/ Yoast SEO plugin. -->","yoast_head_json":{"title":"Kontakt - Schulz Theater","robots":{"index":"index","follow":"follow","max-snippet":"max-snippet:-1","max-image-preview":"max-image-preview:large","max-video-preview":"max-video-preview:-1"},"canonical":"https:\/\/illustris-theaterverlag.de\/?page_id=1844","og_locale":"de_DE","og_type":"article","og_title":"Kontakt - Schulz Theater","og_description":"Sie suchen St\u00fccke? Sie haben St\u00fccke? Sie suchen Theater? Sie machen Theater? Melden Sie sich gerne \u00fcber das Kontaktformular.Fragen Sie uns! Wir helfen Ihnen gerne schnell weiter. Nutzen Sie unser Kontaktformular. Wir melden uns schnellstm\u00f6glich zur\u00fcck.","og_site_name":"Schulz Theater","article_modified_time":"2025-08-06T07:04:33+00:00","twitter_card":"summary_large_image","twitter_misc":{"Gesch\u00e4tzte Lesezeit":"8\u00a0Minuten"},"schema":{"@context":"https:\/\/schema.org","@graph":[{"@type":"WebPage","@id":"https:\/\/illustris-theaterverlag.de\/?page_id=1844","url":"https:\/\/illustris-theaterverlag.de\/?page_id=1844","name":"Kontakt - Schulz Theater","isPartOf":{"@id":"https:\/\/illustris-theaterverlag.de\/#website"},"datePublished":"2022-01-25T10:55:41+00:00","dateModified":"2025-08-06T07:04:33+00:00","breadcrumb":{"@id":"https:\/\/illustris-theaterverlag.de\/?page_id=1844#breadcrumb"},"inLanguage":"de","potentialAction":[{"@type":"ReadAction","target":["https:\/\/illustris-theaterverlag.de\/?page_id=1844"]}]},{"@type":"BreadcrumbList","@id":"https:\/\/illustris-theaterverlag.de\/?page_id=1844#breadcrumb","itemListElement":[{"@type":"ListItem","position":1,"name":"Startseite","item":"https:\/\/illustris-theaterverlag.de\/"},{"@type":"ListItem","position":2,"name":"Kontakt"}]},{"@type":"WebSite","@id":"https:\/\/illustris-theaterverlag.de\/#website","url":"https:\/\/illustris-theaterverlag.de\/","name":"Schulz Theater","description":" Verkauf von Theaterst\u00fccken &amp; Theatertexten","potentialAction":[{"@type":"SearchAction","target":{"@type":"EntryPoint","urlTemplate":"https:\/\/illustris-theaterverlag.de\/?s={search_term_string}"},"query-input":{"@type":"PropertyValueSpecification","valueRequired":true,"valueName":"search_term_string"}}],"inLanguage":"de"}]}},"_links":{"self":[{"href":"https:\/\/illustris-theaterverlag.de\/index.php?rest_route=\/wp\/v2\/pages\/1844","targetHints":{"allow":["GET"]}}],"collection":[{"href":"https:\/\/illustris-theaterverlag.de\/index.php?rest_route=\/wp\/v2\/pages"}],"about":[{"href":"https:\/\/illustris-theaterverlag.de\/index.php?rest_route=\/wp\/v2\/types\/page"}],"author":[{"embeddable":true,"href":"https:\/\/illustris-theaterverlag.de\/index.php?rest_route=\/wp\/v2\/users\/1"}],"replies":[{"embeddable":true,"href":"https:\/\/illustris-theaterverlag.de\/index.php?rest_route=%2Fwp%2Fv2%2Fcomments&post=1844"}],"version-history":[{"count":6,"href":"https:\/\/illustris-theaterverlag.de\/index.php?rest_route=\/wp\/v2\/pages\/1844\/revisions"}],"predecessor-version":[{"id":2686,"href":"https:\/\/illustris-theaterverlag.de\/index.php?rest_route=\/wp\/v2\/pages\/1844\/revisions\/2686"}],"wp:attachment":[{"href":"https:\/\/illustris-theaterverlag.de\/index.php?rest_route=%2Fwp%2Fv2%2Fmedia&parent=1844"}],"wp:term":[{"taxonomy":"difl_page_category","embeddable":true,"href":"https:\/\/illustris-theaterverlag.de\/index.php?rest_route=%2Fwp%2Fv2%2Fdifl_page_category&post=1844"}],"curies":[{"name":"wp","href":"https:\/\/api.w.org\/{rel}","templated":true}]}}