{"id":118,"date":"2021-01-06T09:16:36","date_gmt":"2021-01-06T09:16:36","guid":{"rendered":"https:\/\/illustris-theaterverlag.de\/?page_id=118"},"modified":"2024-08-15T07:48:03","modified_gmt":"2024-08-15T07:48:03","slug":"startseite","status":"publish","type":"page","link":"https:\/\/illustris-theaterverlag.de\/","title":{"rendered":"Startseite"},"content":{"rendered":"<p>[et_pb_section fb_built=&#8221;1&#8243; _builder_version=&#8221;4.16&#8243; background_enable_color=&#8221;off&#8221; use_background_color_gradient=&#8221;on&#8221; background_color_gradient_direction=&#8221;90deg&#8221; background_color_gradient_stops=&#8221;gcid-68df8ec7-a518-46a5-a709-c107d8819346 0%|gcid-5f232b18-845d-433f-a6e3-f3c2980037a0 100%&#8221; background_color_gradient_start=&#8221;gcid-68df8ec7-a518-46a5-a709-c107d8819346&#8243; background_color_gradient_end=&#8221;gcid-5f232b18-845d-433f-a6e3-f3c2980037a0&#8243; background_image=&#8221;https:\/\/illustris-theaterverlag.de\/wp-content\/uploads\/2022\/01\/theatre-spotlights-2021-08-26-16-54-11-utc.jpg&#8221; background_blend=&#8221;multiply&#8221; custom_padding=&#8221;25px||19px||false|false&#8221; global_colors_info=&#8221;{%22gcid-68df8ec7-a518-46a5-a709-c107d8819346%22:%91%22colorStart%22%93,%22gcid-5f232b18-845d-433f-a6e3-f3c2980037a0%22:%91%22colorEnd%22%93}&#8221;][et_pb_row _builder_version=&#8221;4.16&#8243; global_colors_info=&#8221;{}&#8221;][et_pb_column type=&#8221;4_4&#8243; _builder_version=&#8221;4.16&#8243; global_colors_info=&#8221;{}&#8221;][et_pb_text ul_type=&#8221;square&#8221; ul_item_indent=&#8221;25px&#8221; _builder_version=&#8221;4.16&#8243; text_text_color=&#8221;#000000&#8243; link_text_color=&#8221;#ffffff&#8221; header_text_color=&#8221;#000000&#8243; header_line_height=&#8221;1.1em&#8221; header_2_text_color=&#8221;#ffffff&#8221; header_2_font_size=&#8221;22px&#8221; header_2_line_height=&#8221;1.1em&#8221; header_3_line_height=&#8221;1.4em&#8221; header_4_line_height=&#8221;1.4em&#8221; background_color=&#8221;#FFFFFF&#8221; background_color_gradient_direction=&#8221;99deg&#8221; background_color_gradient_start=&#8221;gcid-68df8ec7-a518-46a5-a709-c107d8819346&#8243; background_color_gradient_end=&#8221;#000000&#8243; text_orientation=&#8221;center&#8221; max_width=&#8221;400px&#8221; module_alignment=&#8221;center&#8221; custom_margin=&#8221;26px||26px||true|false&#8221; custom_padding=&#8221;20px|20px|8px|20px|false|false&#8221; header_font_size_tablet=&#8221;&#8221; header_font_size_phone=&#8221;23px&#8221; header_font_size_last_edited=&#8221;on|tablet&#8221; header_2_font_size_tablet=&#8221;23px&#8221; header_2_font_size_phone=&#8221;20px&#8221; header_2_font_size_last_edited=&#8221;on|phone&#8221; border_radii=&#8221;on|8px|8px|8px|8px&#8221; global_colors_info=&#8221;{%22gcid-68df8ec7-a518-46a5-a709-c107d8819346%22:%91%22header_2_text_color%22,%22colorStart%22%93}&#8221;]<\/p>\n<h1>Theaterst\u00fccke<\/h1>\n<h1>f\u00fcr Theater und Theater f\u00fcr Theaterst\u00fccke<\/h1>\n<p>&nbsp;<\/p>\n<p>[\/et_pb_text][\/et_pb_column][\/et_pb_row][\/et_pb_section][et_pb_section fb_built=&#8221;1&#8243; _builder_version=&#8221;4.16&#8243; _module_preset=&#8221;default&#8221; background_enable_color=&#8221;off&#8221; background_enable_image=&#8221;off&#8221; background_blend=&#8221;hard-light&#8221; global_colors_info=&#8221;{}&#8221;][et_pb_row _builder_version=&#8221;4.16&#8243; _module_preset=&#8221;default&#8221; global_colors_info=&#8221;{}&#8221;][et_pb_column type=&#8221;4_4&#8243; _builder_version=&#8221;4.16&#8243; _module_preset=&#8221;default&#8221; global_colors_info=&#8221;{}&#8221;][et_pb_text _builder_version=&#8221;4.16&#8243; _module_preset=&#8221;default&#8221; text_orientation=&#8221;center&#8221; custom_margin=&#8221;||7px|||&#8221; global_colors_info=&#8221;{}&#8221;]<\/p>\n<h2>Beliebte Theaterst\u00fccke<\/h2>\n<p>[\/et_pb_text][et_pb_de_mach_carousel post_type_choose=&#8221;theaterstuecke&#8221; loop_layout=&#8221;1353&#8243; include_cats=&#8221;higlight&#8221; posts_number_desktop=&#8221;3&#8243; posts_number_tablet=&#8221;2&#8243; posts_number_tablet_land=&#8221;1&#8243; equal_height=&#8221;on&#8221; link_whole_gird=&#8221;on&#8221; arrows_color=&#8221;gcid-68df8ec7-a518-46a5-a709-c107d8819346&#8243; _builder_version=&#8221;4.23.4&#8243; _module_preset=&#8221;default&#8221; custom_margin=&#8221;||10px|||&#8221; global_colors_info=&#8221;{%22gcid-68df8ec7-a518-46a5-a709-c107d8819346%22:%91%22arrows_color%22%93}&#8221;][\/et_pb_de_mach_carousel][et_pb_button button_url=&#8221;https:\/\/illustris-theaterverlag.de\/alle-theaterstuecke\/&#8221; button_text=&#8221;Alle Theaterst\u00fccke ansehen&#8221; button_alignment=&#8221;center&#8221; _builder_version=&#8221;4.16&#8243; _module_preset=&#8221;default&#8221; global_colors_info=&#8221;{}&#8221;][\/et_pb_button][\/et_pb_column][\/et_pb_row][\/et_pb_section][et_pb_section fb_built=&#8221;1&#8243; _builder_version=&#8221;4.16&#8243; background_color=&#8221;#ededed&#8221; global_colors_info=&#8221;{}&#8221;][et_pb_row column_structure=&#8221;1_2,1_2&#8243; make_equal=&#8221;on&#8221; _builder_version=&#8221;4.16&#8243; global_colors_info=&#8221;{}&#8221;][et_pb_column type=&#8221;1_2&#8243; _builder_version=&#8221;4.16&#8243; global_colors_info=&#8221;{}&#8221;][et_pb_image src=&#8221;https:\/\/illustris-theaterverlag.de\/wp-content\/uploads\/2023\/06\/Jack_1-scaled.jpeg&#8221; title_text=&#8221;Jack_1&#8243; _builder_version=&#8221;4.26.0&#8243; _module_preset=&#8221;default&#8221; global_colors_info=&#8221;{}&#8221;][\/et_pb_image][\/et_pb_column][et_pb_column type=&#8221;1_2&#8243; _builder_version=&#8221;4.16&#8243; custom_css_main_element=&#8221;   display: flex; ||    flex-direction: column; ||    justify-content: center;&#8221; global_colors_info=&#8221;{}&#8221;][et_pb_text _builder_version=&#8221;4.16&#8243; global_colors_info=&#8221;{}&#8221;]<\/p>\n<h2>Illustris Theater &#038; Verlag<\/h2>\n<p>Illustris Theater &#038; Verlag sieht sich als Vermittler von Autoren und Spielst\u00e4tten. Dabei ist es egal, ob die Autoren Profis oder Amateure sind und die Spielst\u00e4tten Laien- und Schultheater, oder professionelle Theaterh\u00e4user.[\/et_pb_text][et_pb_button button_url=&#8221;https:\/\/illustris-theaterverlag.de\/ueber-uns\/&#8221; button_text=&#8221;Mehr dazu&#8221; _builder_version=&#8221;4.16&#8243; _module_preset=&#8221;default&#8221; global_colors_info=&#8221;{}&#8221; button_border_radius__hover_enabled=&#8221;on|hover&#8221;][\/et_pb_button][\/et_pb_column][\/et_pb_row][\/et_pb_section][et_pb_section fb_built=&#8221;1&#8243; _builder_version=&#8221;4.16&#8243; background_enable_color=&#8221;off&#8221; global_colors_info=&#8221;{}&#8221;][et_pb_row column_structure=&#8221;1_2,1_2&#8243; make_equal=&#8221;on&#8221; _builder_version=&#8221;4.16&#8243; global_colors_info=&#8221;{}&#8221;][et_pb_column type=&#8221;1_2&#8243; _builder_version=&#8221;4.16&#8243; custom_css_main_element=&#8221;   display: flex; ||    flex-direction: column; ||    justify-content: center;&#8221; global_colors_info=&#8221;{}&#8221;][et_pb_text _builder_version=&#8221;4.16&#8243; global_colors_info=&#8221;{}&#8221;]<\/p>\n<h2>Unsere Autoren<\/h2>\n<p>Lernen Sie unsere Autoren kennen oder werden Sie selbst Autor f\u00fcr uns.[\/et_pb_text][et_pb_button button_url=&#8221;https:\/\/illustris-theaterverlag.de\/ueber-uns\/#autor&#8221; button_text=&#8221;Mehr dazu&#8221; _builder_version=&#8221;4.16&#8243; _module_preset=&#8221;default&#8221; global_colors_info=&#8221;{}&#8221; button_border_radius__hover_enabled=&#8221;on|hover&#8221;][\/et_pb_button][\/et_pb_column][et_pb_column type=&#8221;1_2&#8243; _builder_version=&#8221;4.16&#8243; global_colors_info=&#8221;{}&#8221;][et_pb_image src=&#8221;https:\/\/illustris-theaterverlag.de\/wp-content\/uploads\/2024\/08\/letter-189731_640.jpg&#8221; title_text=&#8221;letter-189731_640&#8243; _builder_version=&#8221;4.26.0&#8243; global_colors_info=&#8221;{}&#8221;][\/et_pb_image][\/et_pb_column][\/et_pb_row][\/et_pb_section]<\/p>\n","protected":false},"excerpt":{"rendered":"<p>Theaterst\u00fccke f\u00fcr Theater und Theater f\u00fcr Theaterst\u00fccke &nbsp;Beliebte Theaterst\u00fcckeIllustris Theater &#038; Verlag Illustris Theater &#038; Verlag sieht sich als Vermittler von Autoren und Spielst\u00e4tten. Dabei ist es egal, ob die Autoren Profis oder Amateure sind und die Spielst\u00e4tten Laien- und Schultheater, oder professionelle Theaterh\u00e4user.Unsere Autoren Lernen Sie unsere Autoren kennen oder werden Sie selbst Autor f\u00fcr uns.<\/p>\n","protected":false},"author":1,"featured_media":0,"parent":0,"menu_order":0,"comment_status":"closed","ping_status":"open","template":"","meta":{"_acf_changed":false,"_et_pb_use_builder":"on","_et_pb_old_content":"","_et_gb_content_width":"","footnotes":""},"difl_page_category":[],"class_list":["post-118","page","type-page","status-publish","hentry"],"acf":[],"yoast_head":"<!-- This site is optimized with the Yoast SEO plugin v24.7 - https:\/\/yoast.com\/wordpress\/plugins\/seo\/ -->\n<title>Startseite - Schulz Theater<\/title>\n<meta name=\"description\" content=\"Theaterst\u00fccke f\u00fcr Theater und Theater f\u00fcr Theaterst\u00fccke &nbsp;Beliebte Theaterst\u00fcckeIllustris Theater &amp; Verlag Illustris Theater &amp; Verlag sieht sich als Vermittler von Autoren und Spielst\u00e4tten. Dabei ist es egal, ob die Autoren Profis oder Amateure sind und die Spielst\u00e4tten Laien- und Schultheater, oder professionelle Theaterh\u00e4user.Unsere Autoren Lernen Sie unsere Autoren kennen oder werden Sie selbst Autor f\u00fcr uns.\" \/>\n<meta name=\"robots\" content=\"index, follow, max-snippet:-1, max-image-preview:large, max-video-preview:-1\" \/>\n<link rel=\"canonical\" href=\"https:\/\/illustris-theaterverlag.de\/\" \/>\n<meta property=\"og:locale\" content=\"de_DE\" \/>\n<meta property=\"og:type\" content=\"article\" \/>\n<meta property=\"og:title\" content=\"Startseite - Schulz Theater\" \/>\n<meta property=\"og:description\" content=\"Theaterst\u00fccke f\u00fcr Theater und Theater f\u00fcr Theaterst\u00fccke &nbsp;Beliebte Theaterst\u00fcckeIllustris Theater &amp; Verlag Illustris Theater &amp; Verlag sieht sich als Vermittler von Autoren und Spielst\u00e4tten. Dabei ist es egal, ob die Autoren Profis oder Amateure sind und die Spielst\u00e4tten Laien- und Schultheater, oder professionelle Theaterh\u00e4user.Unsere Autoren Lernen Sie unsere Autoren kennen oder werden Sie selbst Autor f\u00fcr uns.\" \/>\n<meta property=\"og:site_name\" content=\"Schulz Theater\" \/>\n<meta property=\"article:modified_time\" content=\"2024-08-15T07:48:03+00:00\" \/>\n<meta name=\"twitter:card\" content=\"summary_large_image\" \/>\n<meta name=\"twitter:label1\" content=\"Gesch\u00e4tzte Lesezeit\" \/>\n\t<meta name=\"twitter:data1\" content=\"4\u00a0Minuten\" \/>\n<script type=\"application\/ld+json\" class=\"yoast-schema-graph\">{\"@context\":\"https:\/\/schema.org\",\"@graph\":[{\"@type\":\"WebPage\",\"@id\":\"https:\/\/illustris-theaterverlag.de\/\",\"url\":\"https:\/\/illustris-theaterverlag.de\/\",\"name\":\"Startseite - Schulz Theater\",\"isPartOf\":{\"@id\":\"https:\/\/illustris-theaterverlag.de\/#website\"},\"datePublished\":\"2021-01-06T09:16:36+00:00\",\"dateModified\":\"2024-08-15T07:48:03+00:00\",\"breadcrumb\":{\"@id\":\"https:\/\/illustris-theaterverlag.de\/#breadcrumb\"},\"inLanguage\":\"de\",\"potentialAction\":[{\"@type\":\"ReadAction\",\"target\":[\"https:\/\/illustris-theaterverlag.de\/\"]}]},{\"@type\":\"BreadcrumbList\",\"@id\":\"https:\/\/illustris-theaterverlag.de\/#breadcrumb\",\"itemListElement\":[{\"@type\":\"ListItem\",\"position\":1,\"name\":\"Startseite\",\"item\":\"https:\/\/illustris-theaterverlag.de\/\"},{\"@type\":\"ListItem\",\"position\":2,\"name\":\"Startseite\"}]},{\"@type\":\"WebSite\",\"@id\":\"https:\/\/illustris-theaterverlag.de\/#website\",\"url\":\"https:\/\/illustris-theaterverlag.de\/\",\"name\":\"Schulz Theater\",\"description\":\" Verkauf von Theaterst\u00fccken &amp; Theatertexten\",\"potentialAction\":[{\"@type\":\"SearchAction\",\"target\":{\"@type\":\"EntryPoint\",\"urlTemplate\":\"https:\/\/illustris-theaterverlag.de\/?s={search_term_string}\"},\"query-input\":{\"@type\":\"PropertyValueSpecification\",\"valueRequired\":true,\"valueName\":\"search_term_string\"}}],\"inLanguage\":\"de\"}]}<\/script>\n<!-- \/ Yoast SEO plugin. -->","yoast_head_json":{"title":"Startseite - Schulz Theater","robots":{"index":"index","follow":"follow","max-snippet":"max-snippet:-1","max-image-preview":"max-image-preview:large","max-video-preview":"max-video-preview:-1"},"canonical":"https:\/\/illustris-theaterverlag.de\/","og_locale":"de_DE","og_type":"article","og_title":"Startseite - Schulz Theater","og_description":"Theaterst\u00fccke f\u00fcr Theater und Theater f\u00fcr Theaterst\u00fccke &nbsp;Beliebte Theaterst\u00fcckeIllustris Theater & Verlag Illustris Theater & Verlag sieht sich als Vermittler von Autoren und Spielst\u00e4tten. Dabei ist es egal, ob die Autoren Profis oder Amateure sind und die Spielst\u00e4tten Laien- und Schultheater, oder professionelle Theaterh\u00e4user.Unsere Autoren Lernen Sie unsere Autoren kennen oder werden Sie selbst Autor f\u00fcr uns.","og_site_name":"Schulz Theater","article_modified_time":"2024-08-15T07:48:03+00:00","twitter_card":"summary_large_image","twitter_misc":{"Gesch\u00e4tzte Lesezeit":"4\u00a0Minuten"},"schema":{"@context":"https:\/\/schema.org","@graph":[{"@type":"WebPage","@id":"https:\/\/illustris-theaterverlag.de\/","url":"https:\/\/illustris-theaterverlag.de\/","name":"Startseite - Schulz Theater","isPartOf":{"@id":"https:\/\/illustris-theaterverlag.de\/#website"},"datePublished":"2021-01-06T09:16:36+00:00","dateModified":"2024-08-15T07:48:03+00:00","breadcrumb":{"@id":"https:\/\/illustris-theaterverlag.de\/#breadcrumb"},"inLanguage":"de","potentialAction":[{"@type":"ReadAction","target":["https:\/\/illustris-theaterverlag.de\/"]}]},{"@type":"BreadcrumbList","@id":"https:\/\/illustris-theaterverlag.de\/#breadcrumb","itemListElement":[{"@type":"ListItem","position":1,"name":"Startseite","item":"https:\/\/illustris-theaterverlag.de\/"},{"@type":"ListItem","position":2,"name":"Startseite"}]},{"@type":"WebSite","@id":"https:\/\/illustris-theaterverlag.de\/#website","url":"https:\/\/illustris-theaterverlag.de\/","name":"Schulz Theater","description":" Verkauf von Theaterst\u00fccken &amp; Theatertexten","potentialAction":[{"@type":"SearchAction","target":{"@type":"EntryPoint","urlTemplate":"https:\/\/illustris-theaterverlag.de\/?s={search_term_string}"},"query-input":{"@type":"PropertyValueSpecification","valueRequired":true,"valueName":"search_term_string"}}],"inLanguage":"de"}]}},"_links":{"self":[{"href":"https:\/\/illustris-theaterverlag.de\/index.php?rest_route=\/wp\/v2\/pages\/118","targetHints":{"allow":["GET"]}}],"collection":[{"href":"https:\/\/illustris-theaterverlag.de\/index.php?rest_route=\/wp\/v2\/pages"}],"about":[{"href":"https:\/\/illustris-theaterverlag.de\/index.php?rest_route=\/wp\/v2\/types\/page"}],"author":[{"embeddable":true,"href":"https:\/\/illustris-theaterverlag.de\/index.php?rest_route=\/wp\/v2\/users\/1"}],"replies":[{"embeddable":true,"href":"https:\/\/illustris-theaterverlag.de\/index.php?rest_route=%2Fwp%2Fv2%2Fcomments&post=118"}],"version-history":[{"count":5,"href":"https:\/\/illustris-theaterverlag.de\/index.php?rest_route=\/wp\/v2\/pages\/118\/revisions"}],"predecessor-version":[{"id":2578,"href":"https:\/\/illustris-theaterverlag.de\/index.php?rest_route=\/wp\/v2\/pages\/118\/revisions\/2578"}],"wp:attachment":[{"href":"https:\/\/illustris-theaterverlag.de\/index.php?rest_route=%2Fwp%2Fv2%2Fmedia&parent=118"}],"wp:term":[{"taxonomy":"difl_page_category","embeddable":true,"href":"https:\/\/illustris-theaterverlag.de\/index.php?rest_route=%2Fwp%2Fv2%2Fdifl_page_category&post=118"}],"curies":[{"name":"wp","href":"https:\/\/api.w.org\/{rel}","templated":true}]}}